{"id":125,"date":"2024-09-24T08:54:34","date_gmt":"2024-09-24T08:54:34","guid":{"rendered":"https:\/\/www.kalendarzlowiecki.pl\/?page_id=125"},"modified":"2025-10-09T13:24:35","modified_gmt":"2025-10-09T13:24:35","slug":"konatkt","status":"publish","type":"page","link":"https:\/\/kalendarzlowiecki.pl\/?page_id=125","title":{"rendered":"Kontakt"},"content":{"rendered":"\t\t<div data-elementor-type=\"wp-page\" data-elementor-id=\"125\" class=\"elementor elementor-125\" data-elementor-post-type=\"page\">\n\t\t\t\t<div class=\"elementor-element elementor-element-30640260 e-flex e-con-boxed e-con e-parent\" data-id=\"30640260\" data-element_type=\"container\">\n\t\t\t\t\t<div class=\"e-con-inner\">\n\t\t\t\t<div class=\"elementor-element elementor-element-4136e493 elementor-widget elementor-widget-text-editor\" data-id=\"4136e493\" data-element_type=\"widget\" data-widget_type=\"text-editor.default\">\n\t\t\t\t<div class=\"elementor-widget-container\">\n\t\t\t\t\t\t\t\t\t<h3><a href=\"https:\/\/www.facebook.com\/KalendarzLowieckiPL\/\">\u00a0<\/a><a href=\"https:\/\/www.facebook.com\/KalendarzLowieckiPL\/\"><img decoding=\"async\" class=\"alignnone wp-image-328\" src=\"http:\/\/www.kalendarzlowiecki.pl\/wp-content\/uploads\/2024\/10\/733547-150x150.png\" alt=\"\" width=\"50\" height=\"50\" srcset=\"https:\/\/kalendarzlowiecki.pl\/wp-content\/uploads\/2024\/10\/733547-150x150.png 150w, https:\/\/kalendarzlowiecki.pl\/wp-content\/uploads\/2024\/10\/733547.png 256w\" sizes=\"(max-width: 50px) 100vw, 50px\" \/><\/a><a href=\"https:\/\/www.facebook.com\/KalendarzLowieckiPL\/\"> \u00a0<\/a><a href=\"https:\/\/www.facebook.com\/KalendarzLowieckiPL\/\"> KALENDARZ \u0141OWIECKI PL<\/a><\/h3><hr \/><p><img fetchpriority=\"high\" decoding=\"async\" class=\"alignnone size-medium wp-image-52\" src=\"http:\/\/www.kalendarzlowiecki.pl\/wp-content\/uploads\/2024\/09\/logo_propozycja-214x300.jpg\" alt=\"\" width=\"214\" height=\"300\" srcset=\"https:\/\/kalendarzlowiecki.pl\/wp-content\/uploads\/2024\/09\/logo_propozycja-214x300.jpg 214w, https:\/\/kalendarzlowiecki.pl\/wp-content\/uploads\/2024\/09\/logo_propozycja-731x1024.jpg 731w, https:\/\/kalendarzlowiecki.pl\/wp-content\/uploads\/2024\/09\/logo_propozycja-768x1075.jpg 768w, https:\/\/kalendarzlowiecki.pl\/wp-content\/uploads\/2024\/09\/logo_propozycja-1097x1536.jpg 1097w, https:\/\/kalendarzlowiecki.pl\/wp-content\/uploads\/2024\/09\/logo_propozycja-1463x2048.jpg 1463w, https:\/\/kalendarzlowiecki.pl\/wp-content\/uploads\/2024\/09\/logo_propozycja.jpg 1500w\" sizes=\"(max-width: 214px) 100vw, 214px\" \/><\/p><p><a href=\"mailto:slawek@kalendarzlowiecki.pl\">slawek@kalendarzlowiecki.pl\u00a0<\/a><\/p><hr \/><p>Zam\u00f3wienia kalendarza:<\/p><p><a href=\"mailto:zamowienia@kalendarzlowiecki.pl\">zamowienia@kalendarzlowiecki.pl<\/a><\/p><p>tel. +48 665 532 439<\/p><p>Prosimy o kontakt telefoniczny lub mailowy w celu okre\u015blenia formy i koszt\u00f3w wysy\u0142ki<\/p>\t\t\t\t\t\t\t\t<\/div>\n\t\t\t\t<\/div>\n\t\t\t\t\t<\/div>\n\t\t\t\t<\/div>\n\t\t<div class=\"elementor-element elementor-element-4491574 e-con-full e-flex e-con e-parent\" data-id=\"4491574\" data-element_type=\"container\">\n\t\t\t\t<div class=\"elementor-element elementor-element-6c9c487 elementor-widget elementor-widget-text-editor\" data-id=\"6c9c487\" data-element_type=\"widget\" data-widget_type=\"text-editor.default\">\n\t\t\t\t<div class=\"elementor-widget-container\">\n\t\t\t\t\t\t\t\t\t<table border=\"0\" frame=\"VOID\" rules=\"NONE\" cellspacing=\"0\"><colgroup> <col width=\"130\" \/> <col width=\"83\" \/> <col width=\"95\" \/><\/colgroup><tbody><tr><td align=\"LEFT\" valign=\"BOTTOM\" bgcolor=\"#339966\" width=\"130\" height=\"20\"><span style=\"color: #333333;\"><b><span style=\"font-family: Calibri;\">In Post<\/span><\/b><\/span><\/td><td colspan=\"2\" align=\"CENTER\" valign=\"BOTTOM\" bgcolor=\"#339966\" width=\"179\"><span style=\"font-family: Calibri; color: #333333;\">paczkomat<\/span><\/td><\/tr><tr><td align=\"LEFT\" valign=\"BOTTOM\" height=\"19\"><span style=\"color: #808080; font-family: Calibri;\">1 &#8211; 3 szt. <\/span><\/td><td align=\"LEFT\" valign=\"BOTTOM\"><span style=\"color: #808080; font-family: Calibri;\">1,5 &#8211; 3 kg<\/span><\/td><td align=\"RIGHT\" valign=\"BOTTOM\"><span style=\"color: #808080; font-family: Calibri;\">15,50 z\u0142<\/span><\/td><\/tr><tr><td align=\"LEFT\" valign=\"BOTTOM\" height=\"19\"><span style=\"color: #808080; font-family: Calibri;\">4 &#8211; 5 szt.<\/span><\/td><td align=\"LEFT\" valign=\"BOTTOM\"><span style=\"color: #808080; font-family: Calibri;\">8- 10 kg<\/span><\/td><td align=\"RIGHT\" valign=\"BOTTOM\"><span style=\"color: #808080; font-family: Calibri;\">17,00 z\u0142<\/span><\/td><\/tr><tr><td align=\"LEFT\" valign=\"BOTTOM\" bgcolor=\"#99CC66\" height=\"19\"><span style=\"color: #333333;\"><b><span style=\"font-family: Calibri;\">Kurier<\/span><\/b><\/span><\/td><td colspan=\"2\" align=\"CENTER\" valign=\"BOTTOM\" bgcolor=\"#99CC66\"><span style=\"color: #808080; font-family: Calibri;\">\u00a0<\/span><\/td><\/tr><tr><td align=\"LEFT\" valign=\"BOTTOM\" height=\"19\"><span style=\"color: #808080; font-family: Calibri;\">1 &#8211; 4 szt. <\/span><\/td><td align=\"LEFT\" valign=\"BOTTOM\"><span style=\"color: #808080; font-family: Calibri;\">1,5 &#8211; 8 kg<\/span><\/td><td align=\"RIGHT\" valign=\"BOTTOM\"><span style=\"color: #808080; font-family: Calibri;\">18,50 z\u0142<\/span><\/td><\/tr><tr><td align=\"LEFT\" valign=\"BOTTOM\" height=\"19\"><span style=\"color: #808080; font-family: Calibri;\">5 szt. &#8211; 7 szt. <\/span><\/td><td align=\"LEFT\" valign=\"BOTTOM\"><span style=\"color: #808080; font-family: Calibri;\">10 kg &#8211; 14 kg<\/span><\/td><td align=\"RIGHT\" valign=\"BOTTOM\"><span style=\"color: #808080; font-family: Calibri;\">19,90 z\u0142<\/span><\/td><\/tr><tr><td align=\"LEFT\" valign=\"BOTTOM\" height=\"19\"><span style=\"color: #808080; font-family: Calibri;\">8 szt. &#8211; 10 szt. <\/span><\/td><td align=\"LEFT\" valign=\"BOTTOM\"><span style=\"color: #808080; font-family: Calibri;\">16 kg &#8211; 20 kg<\/span><\/td><td align=\"RIGHT\" valign=\"BOTTOM\"><span style=\"color: #808080; font-family: Calibri;\">22,00 z\u0142<\/span><\/td><\/tr><tr><td align=\"LEFT\" valign=\"BOTTOM\" height=\"19\"><span style=\"color: #808080; font-family: Calibri;\">11 szt. &#8211; 13 szt. <\/span><\/td><td align=\"LEFT\" valign=\"BOTTOM\"><span style=\"color: #808080; font-family: Calibri;\">22 kg &#8211; 26 kg<\/span><\/td><td align=\"RIGHT\" valign=\"BOTTOM\"><span style=\"color: #808080; font-family: Calibri;\">24,50 z\u0142<\/span><\/td><\/tr><tr><td align=\"LEFT\" valign=\"BOTTOM\" height=\"19\"><span style=\"color: #808080; font-family: Calibri;\">14 szt. &#8211; 15 szt. <\/span><\/td><td align=\"LEFT\" valign=\"BOTTOM\"><span style=\"color: #808080; font-family: Calibri;\">28 kg &#8211; 30 kg<\/span><\/td><td align=\"RIGHT\" valign=\"BOTTOM\"><span style=\"color: #808080; font-family: Calibri;\">27,00 z\u0142<\/span><\/td><\/tr><tr><td align=\"LEFT\" valign=\"BOTTOM\" height=\"19\"><span style=\"color: #808080; font-family: Calibri;\">przy wiekszych zam\u00f3wieniach prosimy o kontakt<\/span><\/td><td align=\"LEFT\" valign=\"BOTTOM\"><span style=\"color: #808080; font-family: Calibri;\">\u00a0<\/span><\/td><td align=\"LEFT\" valign=\"BOTTOM\">\u00a0<\/td><\/tr><\/tbody><\/table>\t\t\t\t\t\t\t\t<\/div>\n\t\t\t\t<\/div>\n\t\t\t\t<\/div>\n\t\t<div class=\"elementor-element elementor-element-7cac9f8 e-flex e-con-boxed e-con e-parent\" data-id=\"7cac9f8\" data-element_type=\"container\">\n\t\t\t\t\t<div class=\"e-con-inner\">\n\t\t\t\t<div class=\"elementor-element elementor-element-6b49578 elementor-widget elementor-widget-text-editor\" data-id=\"6b49578\" data-element_type=\"widget\" data-widget_type=\"text-editor.default\">\n\t\t\t\t<div class=\"elementor-widget-container\">\n\t\t\t\t\t\t\t\t\t<p><br><\/p><p>Dane do przelewu:<\/p>\n<p>Numer konta mBank: 49 1140 2004 0000 3602 8173 7045<\/p>\n<p>W tytule przelewu prosz\u0119 wpisa\u0107: Zam\u00f3wienie Kalendarza \u0141owieckiego dla ( imi\u0119 i nazwisko lub nazwa instytucji )<\/p>\t\t\t\t\t\t\t\t<\/div>\n\t\t\t\t<\/div>\n\t\t\t\t\t<\/div>\n\t\t\t\t<\/div>\n\t\t\t\t<\/div>\n\t\t","protected":false},"excerpt":{"rendered":"<p>\u00a0 \u00a0 KALENDARZ \u0141OWIECKI PL slawek@kalendarzlowiecki.pl\u00a0 Zam\u00f3wienia kalendarza: zamowienia@kalendarzlowiecki.pl tel. +48 665 532 439 Prosimy o kontakt telefoniczny lub mailowy [&hellip;]<\/p>\n","protected":false},"author":1,"featured_media":0,"parent":0,"menu_order":0,"comment_status":"closed","ping_status":"closed","template":"","meta":{"site-sidebar-layout":"default","site-content-layout":"","ast-site-content-layout":"default","site-content-style":"default","site-sidebar-style":"default","ast-global-header-display":"","ast-banner-title-visibility":"","ast-main-header-display":"","ast-hfb-above-header-display":"","ast-hfb-below-header-display":"","ast-hfb-mobile-header-display":"","site-post-title":"","ast-breadcrumbs-content":"","ast-featured-img":"","footer-sml-layout":"","theme-transparent-header-meta":"default","adv-header-id-meta":"","stick-header-meta":"","header-above-stick-meta":"","header-main-stick-meta":"","header-below-stick-meta":"","astra-migrate-meta-layouts":"set","ast-page-background-enabled":"default","ast-page-background-meta":{"desktop":{"background-color":"var(--ast-global-color-4)","background-image":"","background-repeat":"repeat","background-position":"center center","background-size":"auto","background-attachment":"scroll","background-type":"","background-media":"","overlay-type":"","overlay-color":"","overlay-opacity":"","overlay-gradient":""},"tablet":{"background-color":"","background-image":"","background-repeat":"repeat","background-position":"center center","background-size":"auto","background-attachment":"scroll","background-type":"","background-media":"","overlay-type":"","overlay-color":"","overlay-opacity":"","overlay-gradient":""},"mobile":{"background-color":"","background-image":"","background-repeat":"repeat","background-position":"center center","background-size":"auto","background-attachment":"scroll","background-type":"","background-media":"","overlay-type":"","overlay-color":"","overlay-opacity":"","overlay-gradient":""}},"ast-content-background-meta":{"desktop":{"background-color":"var(--ast-global-color-5)","background-image":"","background-repeat":"repeat","background-position":"center center","background-size":"auto","background-attachment":"scroll","background-type":"","background-media":"","overlay-type":"","overlay-color":"","overlay-opacity":"","overlay-gradient":""},"tablet":{"background-color":"var(--ast-global-color-5)","background-image":"","background-repeat":"repeat","background-position":"center center","background-size":"auto","background-attachment":"scroll","background-type":"","background-media":"","overlay-type":"","overlay-color":"","overlay-opacity":"","overlay-gradient":""},"mobile":{"background-color":"var(--ast-global-color-5)","background-image":"","background-repeat":"repeat","background-position":"center center","background-size":"auto","background-attachment":"scroll","background-type":"","background-media":"","overlay-type":"","overlay-color":"","overlay-opacity":"","overlay-gradient":""}},"footnotes":""},"class_list":["post-125","page","type-page","status-publish","hentry"],"aioseo_notices":[],"_links":{"self":[{"href":"https:\/\/kalendarzlowiecki.pl\/index.php?rest_route=\/wp\/v2\/pages\/125","targetHints":{"allow":["GET"]}}],"collection":[{"href":"https:\/\/kalendarzlowiecki.pl\/index.php?rest_route=\/wp\/v2\/pages"}],"about":[{"href":"https:\/\/kalendarzlowiecki.pl\/index.php?rest_route=\/wp\/v2\/types\/page"}],"author":[{"embeddable":true,"href":"https:\/\/kalendarzlowiecki.pl\/index.php?rest_route=\/wp\/v2\/users\/1"}],"replies":[{"embeddable":true,"href":"https:\/\/kalendarzlowiecki.pl\/index.php?rest_route=%2Fwp%2Fv2%2Fcomments&post=125"}],"version-history":[{"count":45,"href":"https:\/\/kalendarzlowiecki.pl\/index.php?rest_route=\/wp\/v2\/pages\/125\/revisions"}],"predecessor-version":[{"id":914,"href":"https:\/\/kalendarzlowiecki.pl\/index.php?rest_route=\/wp\/v2\/pages\/125\/revisions\/914"}],"wp:attachment":[{"href":"https:\/\/kalendarzlowiecki.pl\/index.php?rest_route=%2Fwp%2Fv2%2Fmedia&parent=125"}],"curies":[{"name":"wp","href":"https:\/\/api.w.org\/{rel}","templated":true}]}}